{"id":176,"date":"2024-06-22T06:07:25","date_gmt":"2024-06-22T06:07:25","guid":{"rendered":"https:\/\/23july.hostlin.com\/carshire\/?page_id=176"},"modified":"2025-08-07T16:51:14","modified_gmt":"2025-08-07T16:51:14","slug":"services-style-one","status":"publish","type":"page","link":"https:\/\/group-anabil-location.fr\/index.php\/services-style-one\/","title":{"rendered":"SERVICE ET LOCATION"},"content":{"rendered":"\t\t<div data-elementor-type=\"wp-page\" data-elementor-id=\"176\" class=\"elementor elementor-176\">\n\t\t\t\t<div class=\"elementor-element elementor-element-6c5c452 e-flex e-con-boxed e-con e-parent\" data-id=\"6c5c452\" data-element_type=\"container\" data-settings=\"{&quot;background_background&quot;:&quot;classic&quot;}\">\n\t\t\t\t\t<div class=\"e-con-inner\">\n\t\t<div class=\"elementor-element elementor-element-64c5c99 e-con-full e-flex e-con e-child\" data-id=\"64c5c99\" data-element_type=\"container\" data-settings=\"{&quot;background_background&quot;:&quot;classic&quot;}\">\n\t\t\t\t<div class=\"elementor-element elementor-element-4938268 elementor-widget elementor-widget-heading\" data-id=\"4938268\" data-element_type=\"widget\" data-widget_type=\"heading.default\">\n\t\t\t\t\t<h3 class=\"elementor-heading-title elementor-size-default\">Nos services<\/h3>\t\t\t\t<\/div>\n\t\t\t\t<\/div>\n\t\t<div class=\"elementor-element elementor-element-8efbc74 e-con-full e-flex e-con e-child\" data-id=\"8efbc74\" data-element_type=\"container\" data-settings=\"{&quot;background_background&quot;:&quot;classic&quot;}\">\n\t\t<div class=\"elementor-element elementor-element-3d78ebf e-con-full e-flex e-con e-child\" data-id=\"3d78ebf\" data-element_type=\"container\">\n\t\t<div class=\"elementor-element elementor-element-a3ab602 e-con-full e-flex e-con e-child\" data-id=\"a3ab602\" data-element_type=\"container\">\n\t\t\t\t<div class=\"elementor-element elementor-element-04c8b13 elementor-view-default elementor-widget elementor-widget-icon\" data-id=\"04c8b13\" data-element_type=\"widget\" data-widget_type=\"icon.default\">\n\t\t\t\t\t\t\t<div class=\"elementor-icon-wrapper\">\n\t\t\t<div class=\"elementor-icon\">\n\t\t\t<i aria-hidden=\"true\" class=\" flaticon-rentacar1\"><\/i>\t\t\t<\/div>\n\t\t<\/div>\n\t\t\t\t\t\t<\/div>\n\t\t\t\t<div class=\"elementor-element elementor-element-0a369d5 elementor-widget elementor-widget-heading\" data-id=\"0a369d5\" data-element_type=\"widget\" data-widget_type=\"heading.default\">\n\t\t\t\t\t<h3 class=\"elementor-heading-title elementor-size-default\">\ud83d\ude97 Location de voiture citadine\n<\/h3>\t\t\t\t<\/div>\n\t\t\t\t<\/div>\n\t\t\t\t<div class=\"elementor-element elementor-element-1d5a162 elementor-widget elementor-widget-heading\" data-id=\"1d5a162\" data-element_type=\"widget\" data-widget_type=\"heading.default\">\n\t\t\t\t\t<p class=\"elementor-heading-title elementor-size-default\">Id\u00e9ale pour vos d\u00e9placements en ville, facile \u00e0 conduire et \u00e9conomique.\nTarif : \u00c0 partir de 29\u20ac \/ jour<\/p>\t\t\t\t<\/div>\n\t\t\t\t<\/div>\n\t\t<div class=\"elementor-element elementor-element-e8cf13f e-con-full e-flex e-con e-child\" data-id=\"e8cf13f\" data-element_type=\"container\">\n\t\t<div class=\"elementor-element elementor-element-4dbeb97 e-con-full e-flex e-con e-child\" data-id=\"4dbeb97\" data-element_type=\"container\">\n\t\t\t\t<div class=\"elementor-element elementor-element-05e4734 elementor-view-default elementor-widget elementor-widget-icon\" data-id=\"05e4734\" data-element_type=\"widget\" data-widget_type=\"icon.default\">\n\t\t\t\t\t\t\t<div class=\"elementor-icon-wrapper\">\n\t\t\t<div class=\"elementor-icon\">\n\t\t\t<svg aria-hidden=\"true\" class=\"e-font-icon-svg e-far-check-circle\" viewBox=\"0 0 512 512\" xmlns=\"http:\/\/www.w3.org\/2000\/svg\"><path d=\"M256 8C119.033 8 8 119.033 8 256s111.033 248 248 248 248-111.033 248-248S392.967 8 256 8zm0 48c110.532 0 200 89.451 200 200 0 110.532-89.451 200-200 200-110.532 0-200-89.451-200-200 0-110.532 89.451-200 200-200m140.204 130.267l-22.536-22.718c-4.667-4.705-12.265-4.736-16.97-.068L215.346 303.697l-59.792-60.277c-4.667-4.705-12.265-4.736-16.97-.069l-22.719 22.536c-4.705 4.667-4.736 12.265-.068 16.971l90.781 91.516c4.667 4.705 12.265 4.736 16.97.068l172.589-171.204c4.704-4.668 4.734-12.266.067-16.971z\"><\/path><\/svg>\t\t\t<\/div>\n\t\t<\/div>\n\t\t\t\t\t\t<\/div>\n\t\t\t\t<div class=\"elementor-element elementor-element-421e6a1 elementor-widget elementor-widget-heading\" data-id=\"421e6a1\" data-element_type=\"widget\" data-widget_type=\"heading.default\">\n\t\t\t\t\t<h3 class=\"elementor-heading-title elementor-size-default\">\ud83e\uddfc Nettoyage int\u00e9rieur &amp; ext\u00e9rieur\n<\/h3>\t\t\t\t<\/div>\n\t\t\t\t<\/div>\n\t\t\t\t<div class=\"elementor-element elementor-element-0b9c169 elementor-widget elementor-widget-heading\" data-id=\"0b9c169\" data-element_type=\"widget\" data-widget_type=\"heading.default\">\n\t\t\t\t\t<p class=\"elementor-heading-title elementor-size-default\">Lavage complet, aspiration, nettoyage des vitres, plastiques, jantes et carrosserie.\nTarif : \u00c0 partir de 39\u20ac<\/p>\t\t\t\t<\/div>\n\t\t\t\t<\/div>\n\t\t<div class=\"elementor-element elementor-element-e280615 e-con-full e-flex e-con e-child\" data-id=\"e280615\" data-element_type=\"container\">\n\t\t<div class=\"elementor-element elementor-element-d1c6047 e-con-full e-flex e-con e-child\" data-id=\"d1c6047\" data-element_type=\"container\">\n\t\t\t\t<div class=\"elementor-element elementor-element-3bfdae1 elementor-view-default elementor-widget elementor-widget-icon\" data-id=\"3bfdae1\" data-element_type=\"widget\" data-widget_type=\"icon.default\">\n\t\t\t\t\t\t\t<div class=\"elementor-icon-wrapper\">\n\t\t\t<div class=\"elementor-icon\">\n\t\t\t<i aria-hidden=\"true\" class=\" flaticon-transport100\"><\/i>\t\t\t<\/div>\n\t\t<\/div>\n\t\t\t\t\t\t<\/div>\n\t\t\t\t<div class=\"elementor-element elementor-element-1c80e3e elementor-widget elementor-widget-heading\" data-id=\"1c80e3e\" data-element_type=\"widget\" data-widget_type=\"heading.default\">\n\t\t\t\t\t<h3 class=\"elementor-heading-title elementor-size-default\">\ud83d\ude99 Location de SUV ou familiale\n<\/h3>\t\t\t\t<\/div>\n\t\t\t\t<\/div>\n\t\t\t\t<div class=\"elementor-element elementor-element-95233d6 elementor-widget elementor-widget-heading\" data-id=\"95233d6\" data-element_type=\"widget\" data-widget_type=\"heading.default\">\n\t\t\t\t\t<p class=\"elementor-heading-title elementor-size-default\">Parfait pour les longs trajets ou les vacances en famille, avec plus d\u2019espace et de confort.\nTarif : \u00c0 partir de 100\u20ac \/ jour<\/p>\t\t\t\t<\/div>\n\t\t\t\t<\/div>\n\t\t\t\t<\/div>\n\t\t\t\t\t<\/div>\n\t\t\t\t<\/div>\n\t\t<div class=\"elementor-element elementor-element-627ac4f e-flex e-con-boxed e-con e-parent\" data-id=\"627ac4f\" data-element_type=\"container\" data-settings=\"{&quot;background_background&quot;:&quot;classic&quot;}\">\n\t\t\t\t\t<div class=\"e-con-inner\">\n\t\t<div class=\"elementor-element elementor-element-9b96984 e-con-full e-flex e-con e-child\" data-id=\"9b96984\" data-element_type=\"container\" data-settings=\"{&quot;background_background&quot;:&quot;classic&quot;}\">\n\t\t\t\t<div class=\"elementor-element elementor-element-883646e elementor-widget elementor-widget-heading\" data-id=\"883646e\" data-element_type=\"widget\" data-widget_type=\"heading.default\">\n\t\t\t\t\t<h3 class=\"elementor-heading-title elementor-size-default\">Nos locations<\/h3>\t\t\t\t<\/div>\n\t\t\t\t<\/div>\n\t\t<div class=\"elementor-element elementor-element-9c63ef1 e-con-full e-flex e-con e-child\" data-id=\"9c63ef1\" data-element_type=\"container\" data-settings=\"{&quot;background_background&quot;:&quot;classic&quot;}\">\n\t\t<div class=\"elementor-element elementor-element-4356fca e-con-full e-flex e-con e-child\" data-id=\"4356fca\" data-element_type=\"container\">\n\t\t\t\t<div class=\"elementor-element elementor-element-fa190a4 elementor-widget elementor-widget-theme_services\" data-id=\"fa190a4\" data-element_type=\"widget\" data-widget_type=\"theme_services.default\">\n\t\t\t\t<div class=\"elementor-widget-container\">\n\t\t\t\t\t\n        <script>\n            jQuery(document).ready(function($) {\n                if($('.filter-list').length){\n\t\t            $('.filter-list').mixitup({});\n\t            }\n            });\n        <\/script>\n\n        \n            <article class=\"featured-services-block-one column-box wow fadeInRight\" data-wow-delay=\"0ms\" data-wow-duration=\"1000ms\">\n                <div class=\"inner-box\">\n                                        <figure class=\"image\">\n                        <img decoding=\"async\" src=\"https:\/\/group-anabil-location.fr\/wp-content\/uploads\/2025\/08\/ChatGPT-Image-7-aout-2025-18_49_20.png\" alt=\"VOITURE A LOUER\" \/>\n                        <figcaption class=\"price\"><sup>\u20ac<\/sup>39<\/figcaption>                    <\/figure>\n                                        <div class=\"post-content clearfix\">\n                                                    <h3 class=\"skew-lines\">\ud83d\ude97 Peugeot 208 - Essence<\/h3>\n                                                <div class=\"btn-box-outer\">\n                            \t\t\t\t\t\t\t                        <\/div>\n                    <\/div>\n                    \n                    <div class=\"overlay-box\">\n                                                    <h3 class=\"skew-lines\">\ud83d\ude97 Peugeot 208 - Essence<\/h3>\n                                                <div class=\"text\">\n                                                            <p>Cat\u00e9gorie : Citadine 5 portes\n\nBo\u00eete : Manuelle\n\nConsommation : 5 L\/100km\n\nPrix : 39 \u20ac \/ jour<\/p>\n                                                        <div class=\"btn-box-outer\">\n\t\t\t\t\t\t\t\t\t\t\t\t\t\t\t\t                            <\/div>\n                        <\/div>\n                    <\/div>                    \n                <\/div>\n            <\/article>\n\n        \n        \t\t\t\t<\/div>\n\t\t\t\t<\/div>\n\t\t\t\t<\/div>\n\t\t<div class=\"elementor-element elementor-element-15ee3d5 e-con-full e-flex e-con e-child\" data-id=\"15ee3d5\" data-element_type=\"container\">\n\t\t\t\t<div class=\"elementor-element elementor-element-5e7add6 elementor-widget elementor-widget-theme_services\" data-id=\"5e7add6\" data-element_type=\"widget\" data-widget_type=\"theme_services.default\">\n\t\t\t\t<div class=\"elementor-widget-container\">\n\t\t\t\t\t\n        <script>\n            jQuery(document).ready(function($) {\n                if($('.filter-list').length){\n\t\t            $('.filter-list').mixitup({});\n\t            }\n            });\n        <\/script>\n\n        \n            <article class=\"featured-services-block-one column-box wow fadeInRight\" data-wow-delay=\"0ms\" data-wow-duration=\"1000ms\">\n                <div class=\"inner-box\">\n                                        <figure class=\"image\">\n                        <img decoding=\"async\" src=\"https:\/\/group-anabil-location.fr\/wp-content\/uploads\/2025\/08\/ChatGPT-Image-7-aout-2025-18_49_20.png\" alt=\"VOITURE A LOUER\" \/>\n                        <figcaption class=\"price\"><sup>\u20ac<\/sup>49<\/figcaption>                    <\/figure>\n                                        <div class=\"post-content clearfix\">\n                                                    <h3 class=\"skew-lines\">\ud83d\ude99 Renault Captur - Hybride<\/h3>\n                                                <div class=\"btn-box-outer\">\n                            \t\t\t\t\t\t\t                        <\/div>\n                    <\/div>\n                    \n                    <div class=\"overlay-box\">\n                                                    <h3 class=\"skew-lines\">\ud83d\ude99 Renault Captur - Hybride<\/h3>\n                                                <div class=\"text\">\n                                                            <p>Cat\u00e9gorie : SUV Compact\n\nBo\u00eete : Automatique\n\nConfort : GPS, cam\u00e9ra de recul, Bluetooth\n\nPrix : 49 \u20ac \/ jour<\/p>\n                                                        <div class=\"btn-box-outer\">\n\t\t\t\t\t\t\t\t\t\t\t\t\t\t\t\t                            <\/div>\n                        <\/div>\n                    <\/div>                    \n                <\/div>\n            <\/article>\n\n        \n        \t\t\t\t<\/div>\n\t\t\t\t<\/div>\n\t\t\t\t<\/div>\n\t\t<div class=\"elementor-element elementor-element-cfb7ed0 e-con-full e-flex e-con e-child\" data-id=\"cfb7ed0\" data-element_type=\"container\">\n\t\t\t\t<div class=\"elementor-element elementor-element-6f4a1ff elementor-widget elementor-widget-theme_services\" data-id=\"6f4a1ff\" data-element_type=\"widget\" data-widget_type=\"theme_services.default\">\n\t\t\t\t<div class=\"elementor-widget-container\">\n\t\t\t\t\t\n        <script>\n            jQuery(document).ready(function($) {\n                if($('.filter-list').length){\n\t\t            $('.filter-list').mixitup({});\n\t            }\n            });\n        <\/script>\n\n        \n            <article class=\"featured-services-block-one column-box wow fadeInRight\" data-wow-delay=\"0ms\" data-wow-duration=\"1000ms\">\n                <div class=\"inner-box\">\n                                        <figure class=\"image\">\n                        <img decoding=\"async\" src=\"https:\/\/group-anabil-location.fr\/wp-content\/uploads\/2025\/08\/ChatGPT-Image-7-aout-2025-18_49_20.png\" alt=\"VOITURE A LOUER\" \/>\n                        <figcaption class=\"price\"><sup>\u20ac<\/sup>65<\/figcaption>                    <\/figure>\n                                        <div class=\"post-content clearfix\">\n                                                    <h3 class=\"skew-lines\">\ud83d\ude90 Renault Trafic - Utilitaire 3m\u00b3<\/h3>\n                                                <div class=\"btn-box-outer\">\n                            \t\t\t\t\t\t\t                        <\/div>\n                    <\/div>\n                    \n                    <div class=\"overlay-box\">\n                                                    <h3 class=\"skew-lines\">\ud83d\ude90 Renault Trafic - Utilitaire 3m\u00b3<\/h3>\n                                                <div class=\"text\">\n                                                            <p>Cat\u00e9gorie : Utilitaire l\u00e9ger\n\nBo\u00eete : Manuelle\n\nId\u00e9al pour : D\u00e9m\u00e9nagements, transport mat\u00e9riel\n\nPrix : 65 \u20ac \/ jour<\/p>\n                                                        <div class=\"btn-box-outer\">\n\t\t\t\t\t\t\t\t\t\t\t\t\t\t\t\t                            <\/div>\n                        <\/div>\n                    <\/div>                    \n                <\/div>\n            <\/article>\n\n        \n        \t\t\t\t<\/div>\n\t\t\t\t<\/div>\n\t\t\t\t<\/div>\n\t\t<div class=\"elementor-element elementor-element-c812cad e-con-full e-flex e-con e-child\" data-id=\"c812cad\" data-element_type=\"container\">\n\t\t\t\t<div class=\"elementor-element elementor-element-80bbfc4 elementor-widget elementor-widget-theme_services\" data-id=\"80bbfc4\" data-element_type=\"widget\" data-widget_type=\"theme_services.default\">\n\t\t\t\t<div class=\"elementor-widget-container\">\n\t\t\t\t\t\n        <script>\n            jQuery(document).ready(function($) {\n                if($('.filter-list').length){\n\t\t            $('.filter-list').mixitup({});\n\t            }\n            });\n        <\/script>\n\n        \n            <article class=\"featured-services-block-one column-box wow fadeInRight\" data-wow-delay=\"0ms\" data-wow-duration=\"1000ms\">\n                <div class=\"inner-box\">\n                                        <figure class=\"image\">\n                        <img decoding=\"async\" src=\"https:\/\/group-anabil-location.fr\/wp-content\/uploads\/2025\/08\/ChatGPT-Image-7-aout-2025-18_49_20.png\" alt=\"VOITURE A LOUER\" \/>\n                        <figcaption class=\"price\"><sup>$<\/sup>59<\/figcaption>                    <\/figure>\n                                        <div class=\"post-content clearfix\">\n                                                    <h3 class=\"skew-lines\">\ud83d\ude98 Volkswagen Passat - Diesel<\/h3>\n                                                <div class=\"btn-box-outer\">\n                            \t\t\t\t\t\t\t                        <\/div>\n                    <\/div>\n                    \n                    <div class=\"overlay-box\">\n                                                    <h3 class=\"skew-lines\">\ud83d\ude98 Volkswagen Passat - Diesel<\/h3>\n                                                <div class=\"text\">\n                                                            <p>Cat\u00e9gorie : Berline routi\u00e8re\n\nBo\u00eete : Automatique\n\n\u00c9quipements : Clim bi-zone, grand coffre\n\nPrix : 59 \u20ac \/ jour<\/p>\n                                                        <div class=\"btn-box-outer\">\n\t\t\t\t\t\t\t\t\t\t\t\t\t\t\t\t                            <\/div>\n                        <\/div>\n                    <\/div>                    \n                <\/div>\n            <\/article>\n\n        \n        \t\t\t\t<\/div>\n\t\t\t\t<\/div>\n\t\t\t\t<\/div>\n\t\t\t\t<\/div>\n\t\t\t\t\t<\/div>\n\t\t\t\t<\/div>\n\t\t<div class=\"elementor-element elementor-element-08cd585 e-flex e-con-boxed e-con e-parent\" data-id=\"08cd585\" data-element_type=\"container\" data-settings=\"{&quot;background_background&quot;:&quot;classic&quot;}\">\n\t\t\t\t\t<div class=\"e-con-inner\">\n\t\t<div class=\"elementor-element elementor-element-6e7f068 e-con-full e-flex e-con e-child\" data-id=\"6e7f068\" data-element_type=\"container\" data-settings=\"{&quot;background_background&quot;:&quot;classic&quot;}\">\n\t\t\t\t<div class=\"elementor-element elementor-element-0c6720d elementor-widget elementor-widget-heading\" data-id=\"0c6720d\" data-element_type=\"widget\" data-widget_type=\"heading.default\">\n\t\t\t\t\t<h3 class=\"elementor-heading-title elementor-size-default\">D\u00e9couvrez notre service de location automobile et profitez d\u2019un nettoyage offert !\n<\/h3>\t\t\t\t<\/div>\n\t\t\t\t<div class=\"elementor-element elementor-element-17c232e elementor-align-center elementor-widget elementor-widget-button\" data-id=\"17c232e\" data-element_type=\"widget\" data-widget_type=\"button.default\">\n\t\t\t\t\t\t\t\t\t\t<a class=\"elementor-button elementor-button-link elementor-size-sm\" href=\"#\">\n\t\t\t\t\t\t<span class=\"elementor-button-content-wrapper\">\n\t\t\t\t\t\t<span class=\"elementor-button-icon\">\n\t\t\t\t<svg aria-hidden=\"true\" class=\"e-font-icon-svg e-fas-chevron-right\" viewBox=\"0 0 320 512\" xmlns=\"http:\/\/www.w3.org\/2000\/svg\"><path d=\"M285.476 272.971L91.132 467.314c-9.373 9.373-24.569 9.373-33.941 0l-22.667-22.667c-9.357-9.357-9.375-24.522-.04-33.901L188.505 256 34.484 101.255c-9.335-9.379-9.317-24.544.04-33.901l22.667-22.667c9.373-9.373 24.569-9.373 33.941 0L285.475 239.03c9.373 9.372 9.373 24.568.001 33.941z\"><\/path><\/svg>\t\t\t<\/span>\n\t\t\t\t\t\t\t\t\t<span class=\"elementor-button-text\">Je veux un devis<\/span>\n\t\t\t\t\t<\/span>\n\t\t\t\t\t<\/a>\n\t\t\t\t\t\t\t\t<\/div>\n\t\t\t\t<\/div>\n\t\t\t\t\t<\/div>\n\t\t\t\t<\/div>\n\t\t<div class=\"elementor-element elementor-element-beaaaa4 e-con-full e-flex e-con e-parent\" data-id=\"beaaaa4\" data-element_type=\"container\">\n\t\t\t\t<div class=\"elementor-element elementor-element-a2075f1 elementor-widget elementor-widget-theme_brand_slider\" data-id=\"a2075f1\" data-element_type=\"widget\" data-widget_type=\"theme_brand_slider.default\">\n\t\t\t\t<div class=\"elementor-widget-container\">\n\t\t\t\t\t\t\t<script>\n            jQuery(document).ready(function($) {\n                if ($(\".sponsors-slider\").length) {\n                    $(\".sponsors-slider\").owlCarousel({\"loop\":true,\"margin\":30,\"nav\":true,\"dots\":false,\"smartSpeed\":700,\"autoplay\":true,\"autoplayTimeout\":4000,\"navText\":[\"<span class=\\\"fas fa-angle-left\\\"><\\\/span>\",\"<span class=\\\"fas fa-angle-right\\\"><\\\/span>\"],\"responsive\":{\"0\":{\"items\":2},\"768\":{\"items\":3},\"1200\":{\"items\":5}}});\n                }\n            });\n        <\/script>\n\n\t\t\t\t\t\t<div class=\"auto-container\">\n\t\t\t\t<ul class=\"sponsors-slider theme-carousel\">\n\t\t\t\t\t\t\t\t\t\t<li>\n\t\t\t\t\t\t<a href=\"#\">\n\t\t\t\t\t\t\t<img decoding=\"async\" src=\"\" alt=\"\">\n\t\t\t\t\t\t<\/a>\n\t\t\t\t\t<\/li>\n\t\t\t\t\t\t\t\t\t\t<li>\n\t\t\t\t\t\t<a href=\"#\">\n\t\t\t\t\t\t\t<img decoding=\"async\" src=\"\" alt=\"\">\n\t\t\t\t\t\t<\/a>\n\t\t\t\t\t<\/li>\n\t\t\t\t\t\t\t\t\t\t<li>\n\t\t\t\t\t\t<a href=\"#\">\n\t\t\t\t\t\t\t<img decoding=\"async\" src=\"\" alt=\"\">\n\t\t\t\t\t\t<\/a>\n\t\t\t\t\t<\/li>\n\t\t\t\t\t\t\t\t\t\t<li>\n\t\t\t\t\t\t<a href=\"#\">\n\t\t\t\t\t\t\t<img decoding=\"async\" src=\"\" alt=\"\">\n\t\t\t\t\t\t<\/a>\n\t\t\t\t\t<\/li>\n\t\t\t\t\t\t\t\t\t\t<li>\n\t\t\t\t\t\t<a href=\"#\">\n\t\t\t\t\t\t\t<img decoding=\"async\" src=\"\" alt=\"\">\n\t\t\t\t\t\t<\/a>\n\t\t\t\t\t<\/li>\n\t\t\t\t\t\t\t\t\t<\/ul>\n\t\t\t<\/div>\n\t\t\t\n\t\t\t\t\t\t<\/div>\n\t\t\t\t<\/div>\n\t\t\t\t<\/div>\n\t\t\t\t<\/div>\n\t\t","protected":false},"excerpt":{"rendered":"<p>Nos services \ud83d\ude97 Location de voiture citadine Id\u00e9ale pour vos d\u00e9placements en ville, facile \u00e0 conduire et \u00e9conomique. Tarif : \u00c0 partir de 29\u20ac \/ jour \ud83e\uddfc Nettoyage int\u00e9rieur &amp; ext\u00e9rieur Lavage complet, aspiration, nettoyage des vitres, plastiques, jantes et carrosserie. Tarif : \u00c0 partir de 39\u20ac \ud83d\ude99 Location de SUV ou familiale Parfait pour [&hellip;]<\/p>\n","protected":false},"author":1,"featured_media":0,"parent":0,"menu_order":0,"comment_status":"closed","ping_status":"closed","template":"elementor_header_footer","meta":{"_monsterinsights_skip_tracking":false,"_monsterinsights_sitenote_active":false,"_monsterinsights_sitenote_note":"","_monsterinsights_sitenote_category":0,"footnotes":""},"class_list":["post-176","page","type-page","status-publish","hentry"],"acf":[],"aioseo_notices":[],"_links":{"self":[{"href":"https:\/\/group-anabil-location.fr\/index.php\/wp-json\/wp\/v2\/pages\/176","targetHints":{"allow":["GET"]}}],"collection":[{"href":"https:\/\/group-anabil-location.fr\/index.php\/wp-json\/wp\/v2\/pages"}],"about":[{"href":"https:\/\/group-anabil-location.fr\/index.php\/wp-json\/wp\/v2\/types\/page"}],"author":[{"embeddable":true,"href":"https:\/\/group-anabil-location.fr\/index.php\/wp-json\/wp\/v2\/users\/1"}],"replies":[{"embeddable":true,"href":"https:\/\/group-anabil-location.fr\/index.php\/wp-json\/wp\/v2\/comments?post=176"}],"version-history":[{"count":6,"href":"https:\/\/group-anabil-location.fr\/index.php\/wp-json\/wp\/v2\/pages\/176\/revisions"}],"predecessor-version":[{"id":1535,"href":"https:\/\/group-anabil-location.fr\/index.php\/wp-json\/wp\/v2\/pages\/176\/revisions\/1535"}],"wp:attachment":[{"href":"https:\/\/group-anabil-location.fr\/index.php\/wp-json\/wp\/v2\/media?parent=176"}],"curies":[{"name":"wp","href":"https:\/\/api.w.org\/{rel}","templated":true}]}}